{"id":1475,"date":"2026-01-14T22:01:48","date_gmt":"2026-01-14T21:01:48","guid":{"rendered":"https:\/\/www.interconsultinc.com\/politique-de-cookie\/"},"modified":"2026-01-16T00:01:45","modified_gmt":"2026-01-15T23:01:45","slug":"politique-de-cookie","status":"publish","type":"page","link":"https:\/\/www.interconsultinc.com\/fr\/politique-de-cookie\/","title":{"rendered":"Politique de cookie"},"content":{"rendered":"\t\t<div data-elementor-type=\"wp-page\" data-elementor-id=\"1475\" class=\"elementor elementor-1475 elementor-1455\" data-elementor-post-type=\"page\">\n\t\t\t\t<div class=\"elementor-element elementor-element-6ca067c e-flex e-con-boxed e-con e-parent\" data-id=\"6ca067c\" data-element_type=\"container\" data-e-type=\"container\">\n\t\t\t\t\t<div class=\"e-con-inner\">\n\t\t\t\t<div class=\"elementor-element elementor-element-e857b8b elementor-widget elementor-widget-text-editor\" data-id=\"e857b8b\" data-element_type=\"widget\" data-e-type=\"widget\" data-widget_type=\"text-editor.default\">\n\t\t\t\t<div class=\"elementor-widget-container\">\n\t\t\t\t\t\t\t\t\t<p><style><span data-mce-type=\"bookmark\" style=\"display: inline-block; width: 0px; overflow: hidden; line-height: 0;\" class=\"mce_SELRES_start\">\ufeff<\/span><br \/>  a.cky-banner-element {<br \/>    padding: 8px 30px;<br \/>    background: #f8f9fa;<br \/>    color: #858a8f;<br \/>    border: 1px solid #dee2e6;<br \/>    box-sizing: border-box;<br \/>    border-radius: 2px;<br \/>    cursor: pointer<br \/>  }<br \/><\/style><\/p><p><span style=\"font-size: 16px;\">Date d\u2019entr\u00e9e en vigueur : 14 janvier 2026\u00a0<\/span><\/p><div class=\"cookie-policy-date-container\"><p><span style=\"font-size: 18px;\">Derni\u00e8re mise \u00e0 jour : 14 janvier 2026\u00a0\u00a0<\/span><\/p><\/div><h2>Que sont les cookies\u00a0?<\/h2><p><span style=\"font-size: 16px;\">Cette politique relative aux cookies explique ce que sont les cookies, comment nous les utilisons, les types de cookies que nous utilisons (c\u2019est-\u00e0-dire les informations que nous collectons \u00e0 l\u2019aide des cookies et la mani\u00e8re dont ces informations sont utilis\u00e9es), ainsi que la fa\u00e7on de g\u00e9rer vos param\u00e8tres de cookies.<\/span><\/p><div class=\"cookie-policy-p\"><p>Les cookies sont de petits fichiers texte utilis\u00e9s pour stocker de petites quantit\u00e9s d\u2019informations. Ils sont enregistr\u00e9s sur votre appareil lorsqu\u2019un site web se charge dans votre navigateur. Ces cookies contribuent au bon fonctionnement du site, renforcent la s\u00e9curit\u00e9, am\u00e9liorent l\u2019exp\u00e9rience utilisateur et permettent d\u2019analyser les performances afin d\u2019identifier ce qui fonctionne et les points \u00e0 am\u00e9liorer.<\/p><\/div><h2>Comment utilisons-nous les cookies\u00a0?<\/h2><p><span style=\"font-size: 16px;\">Comme la plupart des services en ligne, notre site web utilise des cookies internes (first-party) et des cookies tiers \u00e0 diverses fins. Les cookies internes sont principalement n\u00e9cessaires au bon fonctionnement du site et ne collectent aucune donn\u00e9e permettant de vous identifier personnellement.<\/span><\/p><div class=\"cookie-policy-p\"><p>Les cookies tiers utilis\u00e9s sur notre site nous aident principalement \u00e0 comprendre les performances du site, \u00e0 suivre la mani\u00e8re dont vous interagissez avec celui-ci, \u00e0 assurer la s\u00e9curit\u00e9 de nos services, \u00e0 diffuser des publicit\u00e9s pertinentes et \u00e0 am\u00e9liorer votre exp\u00e9rience globale, tout en augmentant la rapidit\u00e9 de vos futures interactions avec notre site.<\/p><\/div><h2>Types de cookies que nous utilisons<\/h2><div class=\"cky-audit-table-element\">\u00a0<\/div><h2 style=\"margin-bottom: 20px;\">G\u00e9rer les pr\u00e9f\u00e9rences de cookies<\/h2><p><a class=\"cky-banner-element\">Pr\u00e9f\u00e9rences de consentement<\/a><\/p><div><p>Vous pouvez modifier vos param\u00e8tres de cookies \u00e0 tout moment en cliquant sur le bouton \u00ab Pr\u00e9f\u00e9rences de consentement \u00bb ci-dessus. Cela vous permettra de revoir la banni\u00e8re de consentement aux cookies et de mettre \u00e0 jour vos pr\u00e9f\u00e9rences ou de retirer imm\u00e9diatement votre consentement.<\/p><p>De plus, diff\u00e9rents navigateurs proposent diverses m\u00e9thodes pour bloquer et supprimer les cookies utilis\u00e9s par les sites web. Vous pouvez ajuster les param\u00e8tres de votre navigateur pour bloquer ou supprimer les cookies. Vous trouverez ci-dessous des liens vers les documents d\u2019assistance expliquant comment g\u00e9rer et supprimer les cookies dans les principaux navigateurs web.<\/p><p>Chrome : <a href=\"https:\/\/support.google.com\/accounts\/answer\/32050\" target=\"_blank\" rel=\"noopener noreferrer\">https:\/\/support.google.com\/accounts\/answer\/32050<\/a><\/p><p>Safari : <a href=\"https:\/\/support.apple.com\/en-in\/guide\/safari\/sfri11471\/mac\" target=\"_blank\" rel=\"noopener noreferrer\">https:\/\/support.apple.com\/en-in\/guide\/safari\/sfri11471\/mac<\/a><\/p><p>Firefox : <a href=\"https:\/\/support.mozilla.org\/en-US\/kb\/clear-cookies-and-site-data-firefox?redirectslug=delete-cookies-remove-info-websites-stored&amp;redirectlocale=en-US\" target=\"_blank\" rel=\"noopener noreferrer\">https:\/\/support.mozilla.org\/en-US\/kb\/clear-cookies-and-site-data-firefox?redirectslug=delete-cookies-remove-info-websites-stored&amp;redirectlocale=en-US<\/a><\/p><p>Internet Explorer : <a href=\"https:\/\/support.microsoft.com\/en-us\/topic\/how-to-delete-cookie-files-in-internet-explorer-bca9446f-d873-78de-77ba-d42645fa52fc\" target=\"_blank\" rel=\"noopener noreferrer\">https:\/\/support.microsoft.com\/en-us\/topic\/how-to-delete-cookie-files-in-internet-explorer-bca9446f-d873-78de-77ba-d42645fa52fc<\/a><\/p><p>Si vous utilisez un autre navigateur web, veuillez consulter sa documentation officielle d\u2019assistance.<\/p><\/div><p>\u00a0<\/p><p class=\"cookie-policy-p\">Politique relative aux cookies g\u00e9n\u00e9r\u00e9e par <a href=\"https:\/\/www.cookieyes.com\/?utm_source=CP&amp;utm_medium=footer&amp;utm_campaign=UW\" target=\"_blank\" rel=\"noopener noreferrer\">CookieYes \u2013 G\u00e9n\u00e9rateur de politique de cookies<\/a><\/p>\t\t\t\t\t\t\t\t<\/div>\n\t\t\t\t<\/div>\n\t\t\t\t\t<\/div>\n\t\t\t\t<\/div>\n\t\t\t\t<\/div>\n\t\t","protected":false},"excerpt":{"rendered":"<p>Date d\u2019entr\u00e9e en vigueur : 14 janvier 2026\u00a0 Derni\u00e8re mise \u00e0 jour : 14 janvier 2026\u00a0\u00a0 Que sont les cookies\u00a0? Cette politique relative aux cookies explique ce que sont les cookies, comment nous les utilisons, les types de cookies que nous utilisons (c\u2019est-\u00e0-dire les informations que nous collectons \u00e0 l\u2019aide des cookies et la mani\u00e8re [&hellip;]<\/p>\n","protected":false},"author":1,"featured_media":0,"parent":0,"menu_order":0,"comment_status":"closed","ping_status":"closed","template":"","meta":{"site-sidebar-layout":"no-sidebar","site-content-layout":"page-builder","ast-site-content-layout":"full-width-container","site-content-style":"default","site-sidebar-style":"default","ast-global-header-display":"","ast-banner-title-visibility":"","ast-main-header-display":"","ast-hfb-above-header-display":"","ast-hfb-below-header-display":"","ast-hfb-mobile-header-display":"","site-post-title":"","ast-breadcrumbs-content":"","ast-featured-img":"disabled","footer-sml-layout":"","ast-disable-related-posts":"","theme-transparent-header-meta":"default","adv-header-id-meta":"","stick-header-meta":"","header-above-stick-meta":"","header-main-stick-meta":"","header-below-stick-meta":"","astra-migrate-meta-layouts":"default","ast-page-background-enabled":"default","ast-page-background-meta":{"desktop":{"background-color":"","background-image":"","background-repeat":"repeat","background-position":"center center","background-size":"auto","background-attachment":"scroll","background-type":"","background-media":"","overlay-type":"","overlay-color":"","overlay-opacity":"","overlay-gradient":""},"tablet":{"background-color":"","background-image":"","background-repeat":"repeat","background-position":"center center","background-size":"auto","background-attachment":"scroll","background-type":"","background-media":"","overlay-type":"","overlay-color":"","overlay-opacity":"","overlay-gradient":""},"mobile":{"background-color":"","background-image":"","background-repeat":"repeat","background-position":"center center","background-size":"auto","background-attachment":"scroll","background-type":"","background-media":"","overlay-type":"","overlay-color":"","overlay-opacity":"","overlay-gradient":""}},"ast-content-background-meta":{"desktop":{"background-color":"var(--ast-global-color-5)","background-image":"","background-repeat":"repeat","background-position":"center center","background-size":"auto","background-attachment":"scroll","background-type":"","background-media":"","overlay-type":"","overlay-color":"","overlay-opacity":"","overlay-gradient":""},"tablet":{"background-color":"var(--ast-global-color-5)","background-image":"","background-repeat":"repeat","background-position":"center center","background-size":"auto","background-attachment":"scroll","background-type":"","background-media":"","overlay-type":"","overlay-color":"","overlay-opacity":"","overlay-gradient":""},"mobile":{"background-color":"var(--ast-global-color-5)","background-image":"","background-repeat":"repeat","background-position":"center center","background-size":"auto","background-attachment":"scroll","background-type":"","background-media":"","overlay-type":"","overlay-color":"","overlay-opacity":"","overlay-gradient":""}},"footnotes":""},"class_list":["post-1475","page","type-page","status-publish","hentry"],"_links":{"self":[{"href":"https:\/\/www.interconsultinc.com\/fr\/wp-json\/wp\/v2\/pages\/1475","targetHints":{"allow":["GET"]}}],"collection":[{"href":"https:\/\/www.interconsultinc.com\/fr\/wp-json\/wp\/v2\/pages"}],"about":[{"href":"https:\/\/www.interconsultinc.com\/fr\/wp-json\/wp\/v2\/types\/page"}],"author":[{"embeddable":true,"href":"https:\/\/www.interconsultinc.com\/fr\/wp-json\/wp\/v2\/users\/1"}],"replies":[{"embeddable":true,"href":"https:\/\/www.interconsultinc.com\/fr\/wp-json\/wp\/v2\/comments?post=1475"}],"version-history":[{"count":0,"href":"https:\/\/www.interconsultinc.com\/fr\/wp-json\/wp\/v2\/pages\/1475\/revisions"}],"wp:attachment":[{"href":"https:\/\/www.interconsultinc.com\/fr\/wp-json\/wp\/v2\/media?parent=1475"}],"curies":[{"name":"wp","href":"https:\/\/api.w.org\/{rel}","templated":true}]}}