{"id":1398,"date":"2025-11-19T14:50:25","date_gmt":"2025-11-19T13:50:25","guid":{"rendered":"https:\/\/www.interconsultinc.com\/consultant-de-confiance\/"},"modified":"2026-01-16T19:52:02","modified_gmt":"2026-01-16T18:52:02","slug":"consultant-de-confiance","status":"publish","type":"page","link":"https:\/\/www.interconsultinc.com\/fr\/consultant-de-confiance\/","title":{"rendered":"Consultant de confiance"},"content":{"rendered":"\t\t<div data-elementor-type=\"wp-page\" data-elementor-id=\"1398\" class=\"elementor elementor-1398 elementor-51\" data-elementor-post-type=\"page\">\n\t\t\t\t<div class=\"elementor-element elementor-element-44e638d e-flex e-con-boxed e-con e-parent\" data-id=\"44e638d\" data-element_type=\"container\" data-e-type=\"container\" data-settings=\"{&quot;background_background&quot;:&quot;classic&quot;}\">\n\t\t\t\t\t<div class=\"e-con-inner\">\n\t\t<div class=\"elementor-element elementor-element-21ec77f e-con-full e-flex e-con e-child\" data-id=\"21ec77f\" data-element_type=\"container\" data-e-type=\"container\">\n\t\t\t\t<div class=\"elementor-element elementor-element-9104f1e elementor-widget elementor-widget-image\" data-id=\"9104f1e\" data-element_type=\"widget\" data-e-type=\"widget\" data-widget_type=\"image.default\">\n\t\t\t\t<div class=\"elementor-widget-container\">\n\t\t\t\t\t\t\t\t\t\t\t\t\t\t\t<img fetchpriority=\"high\" decoding=\"async\" width=\"1200\" height=\"800\" src=\"https:\/\/www.interconsultinc.com\/wp-content\/uploads\/2026\/01\/trustworthy-consultant-ernest-boakai.jpg\" class=\"attachment-full size-full wp-image-1635\" alt=\"\" srcset=\"https:\/\/www.interconsultinc.com\/wp-content\/uploads\/2026\/01\/trustworthy-consultant-ernest-boakai.jpg 1200w, https:\/\/www.interconsultinc.com\/wp-content\/uploads\/2026\/01\/trustworthy-consultant-ernest-boakai-300x200.jpg 300w, https:\/\/www.interconsultinc.com\/wp-content\/uploads\/2026\/01\/trustworthy-consultant-ernest-boakai-1024x683.jpg 1024w, https:\/\/www.interconsultinc.com\/wp-content\/uploads\/2026\/01\/trustworthy-consultant-ernest-boakai-768x512.jpg 768w\" sizes=\"(max-width: 1200px) 100vw, 1200px\" \/>\t\t\t\t\t\t\t\t\t\t\t\t\t\t\t<\/div>\n\t\t\t\t<\/div>\n\t\t\t\t<\/div>\n\t\t<div class=\"elementor-element elementor-element-b31fbc0 e-con-full e-flex e-con e-child\" data-id=\"b31fbc0\" data-element_type=\"container\" data-e-type=\"container\">\n\t\t\t\t<div class=\"elementor-element elementor-element-578576e elementor-widget elementor-widget-text-editor\" data-id=\"578576e\" data-element_type=\"widget\" data-e-type=\"widget\" data-widget_type=\"text-editor.default\">\n\t\t\t\t<div class=\"elementor-widget-container\">\n\t\t\t\t\t\t\t\t\t<p>Inter Consult a pour mission d&rsquo;accompagner les investisseurs et les visiteurs et de cr\u00e9er un environnement s\u00e9curis\u00e9, leur permettant ainsi d&rsquo;explorer librement le march\u00e9 africain.<\/p>\n<p>Bas\u00e9e au Lib\u00e9ria, <strong>Inter Consult Incorporated<\/strong> a \u00e9t\u00e9 cr\u00e9\u00e9e au Lib\u00e9ria et en Slov\u00e9nie en 2012 afin de fournir des services de conseil aux entreprises et aux particuliers int\u00e9ress\u00e9s par le march\u00e9 africain.<\/p>\n<p><strong>Le fondateur, M. Ernest Keleco Boakai<\/strong>, r\u00e9sident permanent en Slov\u00e9nie, a port\u00e9 ce r\u00eave, mais a \u00e9t\u00e9 motiv\u00e9 et soutenu par son <strong>mentor, M. Marko Banic<\/strong>, homme d&rsquo;affaires slov\u00e8ne \u00e0 la retraite, ancien propri\u00e9taire d&rsquo;Inter Alarm, nom dont nous nous inspirons.<\/p>\n<p>Nous avons constat\u00e9 le <strong>besoin de services et de solutions fiables et de haute qualit\u00e9 pour les entreprises, organisations et particuliers<\/strong> \u00e9trangers souhaitant investir en Afrique. Nous poss\u00e9dons une <strong>connaissance approfondie<\/strong> de la culture et de l&rsquo;environnement commercial africains, ainsi qu&rsquo;une solide exp\u00e9rience des relations avec les Africains dans diverses situations.<\/p>\n<p><strong>Notre priorit\u00e9 est de vous fournir les contacts appropri\u00e9s et un soutien complet pour la cr\u00e9ation et le d\u00e9veloppement de votre entreprise ou initiative sur le continent.<\/strong><\/p>\n\t\t\t\t\t\t\t\t<\/div>\n\t\t\t\t<\/div>\n\t\t\t\t<\/div>\n\t\t\t\t\t<\/div>\n\t\t\t\t<\/div>\n\t\t<div class=\"elementor-element elementor-element-81f4876 e-flex e-con-boxed e-con e-parent\" data-id=\"81f4876\" data-element_type=\"container\" data-e-type=\"container\" data-settings=\"{&quot;background_background&quot;:&quot;classic&quot;}\">\n\t\t\t\t\t<div class=\"e-con-inner\">\n\t\t<div class=\"elementor-element elementor-element-1ff6364 e-con-full e-flex e-con e-child\" data-id=\"1ff6364\" data-element_type=\"container\" data-e-type=\"container\" data-settings=\"{&quot;background_background&quot;:&quot;classic&quot;}\">\n\t\t\t\t<div class=\"elementor-element elementor-element-7bedc2e elementor-widget elementor-widget-heading\" data-id=\"7bedc2e\" data-element_type=\"widget\" data-e-type=\"widget\" data-widget_type=\"heading.default\">\n\t\t\t\t<div class=\"elementor-widget-container\">\n\t\t\t\t\t<h2 class=\"elementor-heading-title elementor-size-default\">Notre vision<\/h2>\t\t\t\t<\/div>\n\t\t\t\t<\/div>\n\t\t\t\t<div class=\"elementor-element elementor-element-945657f elementor-widget elementor-widget-text-editor\" data-id=\"945657f\" data-element_type=\"widget\" data-e-type=\"widget\" data-widget_type=\"text-editor.default\">\n\t\t\t\t<div class=\"elementor-widget-container\">\n\t\t\t\t\t\t\t\t\t<p><strong>La vision d&rsquo;Inter Consult\u00a0<\/strong> est de fournir une assistance et des services professionnels et fiables, et de devenir ainsi la principale soci\u00e9t\u00e9 de conseil pour les clients qui souhaitent investir et faire des affaires en Afrique.<\/p>\n\t\t\t\t\t\t\t\t<\/div>\n\t\t\t\t<\/div>\n\t\t\t\t<div class=\"elementor-element elementor-element-c049c05 elementor-widget elementor-widget-heading\" data-id=\"c049c05\" data-element_type=\"widget\" data-e-type=\"widget\" data-widget_type=\"heading.default\">\n\t\t\t\t<div class=\"elementor-widget-container\">\n\t\t\t\t\t<h2 class=\"elementor-heading-title elementor-size-default\">Notre mission<\/h2>\t\t\t\t<\/div>\n\t\t\t\t<\/div>\n\t\t\t\t<div class=\"elementor-element elementor-element-c949453 elementor-widget elementor-widget-text-editor\" data-id=\"c949453\" data-element_type=\"widget\" data-e-type=\"widget\" data-widget_type=\"text-editor.default\">\n\t\t\t\t<div class=\"elementor-widget-container\">\n\t\t\t\t\t\t\t\t\t<p>La mission d&rsquo;Inter Consult est d&rsquo;accompagner les entreprises et les particuliers en leur fournissant\u00a0:<\/p>\n<ul>\n<li><strong>des informations fiables<\/strong> sur l&rsquo;Afrique et ses diff\u00e9rents march\u00e9s, et<\/li>\n<li><strong>un soutien fiable et professionnel<\/strong> pour l&rsquo;implantation de leur entreprise en Afrique.<\/li>\n<\/ul>\n\t\t\t\t\t\t\t\t<\/div>\n\t\t\t\t<\/div>\n\t\t\t\t<div class=\"elementor-element elementor-element-576086b elementor-widget elementor-widget-heading\" data-id=\"576086b\" data-element_type=\"widget\" data-e-type=\"widget\" data-widget_type=\"heading.default\">\n\t\t\t\t<div class=\"elementor-widget-container\">\n\t\t\t\t\t<h2 class=\"elementor-heading-title elementor-size-default\">Nos valeurs<\/h2>\t\t\t\t<\/div>\n\t\t\t\t<\/div>\n\t\t\t\t<div class=\"elementor-element elementor-element-b8c4c24 elementor-widget elementor-widget-text-editor\" data-id=\"b8c4c24\" data-element_type=\"widget\" data-e-type=\"widget\" data-widget_type=\"text-editor.default\">\n\t\t\t\t<div class=\"elementor-widget-container\">\n\t\t\t\t\t\t\t\t\t<p>Les valeurs qui nous guident dans notre collaboration\u00a0:<\/p>\n<ul>\n<li><strong>Int\u00e9grit\u00e9 et fiabilit\u00e9<\/strong><\/li>\n<li><strong>Proactivit\u00e9 et d\u00e9termination<\/strong><\/li>\n<li><strong>Professionnalisme et qualit\u00e9<\/strong><\/li>\n<li><strong>Esprit d\u2019\u00e9quipe et plaisir de participer<\/strong><\/li>\n<li><strong>Responsabilit\u00e9 sociale<\/strong><\/li>\n<\/ul>\n\t\t\t\t\t\t\t\t<\/div>\n\t\t\t\t<\/div>\n\t\t\t\t<\/div>\n\t\t\t\t\t<\/div>\n\t\t\t\t<\/div>\n\t\t\t\t<\/div>\n\t\t","protected":false},"excerpt":{"rendered":"<p>Inter Consult a pour mission d&rsquo;accompagner les investisseurs et les visiteurs et de cr\u00e9er un environnement s\u00e9curis\u00e9, leur permettant ainsi d&rsquo;explorer librement le march\u00e9 africain. Bas\u00e9e au Lib\u00e9ria, Inter Consult Incorporated a \u00e9t\u00e9 cr\u00e9\u00e9e au Lib\u00e9ria et en Slov\u00e9nie en 2012 afin de fournir des services de conseil aux entreprises et aux particuliers int\u00e9ress\u00e9s par [&hellip;]<\/p>\n","protected":false},"author":1,"featured_media":0,"parent":0,"menu_order":0,"comment_status":"closed","ping_status":"closed","template":"","meta":{"site-sidebar-layout":"no-sidebar","site-content-layout":"page-builder","ast-site-content-layout":"default","site-content-style":"default","site-sidebar-style":"default","ast-global-header-display":"","ast-banner-title-visibility":"","ast-main-header-display":"","ast-hfb-above-header-display":"","ast-hfb-below-header-display":"","ast-hfb-mobile-header-display":"","site-post-title":"disabled","ast-breadcrumbs-content":"","ast-featured-img":"disabled","footer-sml-layout":"","ast-disable-related-posts":"","theme-transparent-header-meta":"default","adv-header-id-meta":"","stick-header-meta":"","header-above-stick-meta":"","header-main-stick-meta":"","header-below-stick-meta":"","astra-migrate-meta-layouts":"default","ast-page-background-enabled":"default","ast-page-background-meta":{"desktop":{"background-color":"","background-image":"","background-repeat":"repeat","background-position":"center center","background-size":"auto","background-attachment":"scroll","background-type":"","background-media":"","overlay-type":"","overlay-color":"","overlay-opacity":"","overlay-gradient":""},"tablet":{"background-color":"","background-image":"","background-repeat":"repeat","background-position":"center center","background-size":"auto","background-attachment":"scroll","background-type":"","background-media":"","overlay-type":"","overlay-color":"","overlay-opacity":"","overlay-gradient":""},"mobile":{"background-color":"","background-image":"","background-repeat":"repeat","background-position":"center center","background-size":"auto","background-attachment":"scroll","background-type":"","background-media":"","overlay-type":"","overlay-color":"","overlay-opacity":"","overlay-gradient":""}},"ast-content-background-meta":{"desktop":{"background-color":"var(--ast-global-color-5)","background-image":"","background-repeat":"repeat","background-position":"center center","background-size":"auto","background-attachment":"scroll","background-type":"","background-media":"","overlay-type":"","overlay-color":"","overlay-opacity":"","overlay-gradient":""},"tablet":{"background-color":"var(--ast-global-color-5)","background-image":"","background-repeat":"repeat","background-position":"center center","background-size":"auto","background-attachment":"scroll","background-type":"","background-media":"","overlay-type":"","overlay-color":"","overlay-opacity":"","overlay-gradient":""},"mobile":{"background-color":"var(--ast-global-color-5)","background-image":"","background-repeat":"repeat","background-position":"center center","background-size":"auto","background-attachment":"scroll","background-type":"","background-media":"","overlay-type":"","overlay-color":"","overlay-opacity":"","overlay-gradient":""}},"footnotes":""},"class_list":["post-1398","page","type-page","status-publish","hentry"],"_links":{"self":[{"href":"https:\/\/www.interconsultinc.com\/fr\/wp-json\/wp\/v2\/pages\/1398","targetHints":{"allow":["GET"]}}],"collection":[{"href":"https:\/\/www.interconsultinc.com\/fr\/wp-json\/wp\/v2\/pages"}],"about":[{"href":"https:\/\/www.interconsultinc.com\/fr\/wp-json\/wp\/v2\/types\/page"}],"author":[{"embeddable":true,"href":"https:\/\/www.interconsultinc.com\/fr\/wp-json\/wp\/v2\/users\/1"}],"replies":[{"embeddable":true,"href":"https:\/\/www.interconsultinc.com\/fr\/wp-json\/wp\/v2\/comments?post=1398"}],"version-history":[{"count":2,"href":"https:\/\/www.interconsultinc.com\/fr\/wp-json\/wp\/v2\/pages\/1398\/revisions"}],"predecessor-version":[{"id":1637,"href":"https:\/\/www.interconsultinc.com\/fr\/wp-json\/wp\/v2\/pages\/1398\/revisions\/1637"}],"wp:attachment":[{"href":"https:\/\/www.interconsultinc.com\/fr\/wp-json\/wp\/v2\/media?parent=1398"}],"curies":[{"name":"wp","href":"https:\/\/api.w.org\/{rel}","templated":true}]}}