{"id":1396,"date":"2025-11-19T14:45:46","date_gmt":"2025-11-19T13:45:46","guid":{"rendered":"https:\/\/www.interconsultinc.com\/commerce-et-investissement\/"},"modified":"2026-01-23T15:47:40","modified_gmt":"2026-01-23T14:47:40","slug":"nos-activites","status":"publish","type":"page","link":"https:\/\/www.interconsultinc.com\/fr\/nos-activites\/","title":{"rendered":"Nos activit\u00e9s"},"content":{"rendered":"\t\t<div data-elementor-type=\"wp-page\" data-elementor-id=\"1396\" class=\"elementor elementor-1396\" data-elementor-post-type=\"page\">\n\t\t\t\t<div class=\"elementor-element elementor-element-cb36ddc e-flex e-con-boxed e-con e-parent\" data-id=\"cb36ddc\" data-element_type=\"container\" data-e-type=\"container\" data-settings=\"{&quot;background_background&quot;:&quot;classic&quot;}\">\n\t\t\t\t\t<div class=\"e-con-inner\">\n\t\t<div class=\"elementor-element elementor-element-0612528 e-con-full e-flex e-con e-child\" data-id=\"0612528\" data-element_type=\"container\" data-e-type=\"container\">\n\t\t\t\t<div class=\"elementor-element elementor-element-1c1d6ba elementor-widget elementor-widget-image\" data-id=\"1c1d6ba\" data-element_type=\"widget\" data-e-type=\"widget\" data-widget_type=\"image.default\">\n\t\t\t\t<div class=\"elementor-widget-container\">\n\t\t\t\t\t\t\t\t\t\t\t\t\t\t\t<img fetchpriority=\"high\" decoding=\"async\" width=\"768\" height=\"512\" src=\"https:\/\/www.interconsultinc.com\/wp-content\/uploads\/2024\/09\/business-objects-with-executives-discussing-blueprint-meeting-768x512.jpg\" class=\"attachment-medium_large size-medium_large wp-image-1089\" alt=\"\" srcset=\"https:\/\/www.interconsultinc.com\/wp-content\/uploads\/2024\/09\/business-objects-with-executives-discussing-blueprint-meeting-768x512.jpg 768w, https:\/\/www.interconsultinc.com\/wp-content\/uploads\/2024\/09\/business-objects-with-executives-discussing-blueprint-meeting-300x200.jpg 300w, https:\/\/www.interconsultinc.com\/wp-content\/uploads\/2024\/09\/business-objects-with-executives-discussing-blueprint-meeting-1024x683.jpg 1024w, https:\/\/www.interconsultinc.com\/wp-content\/uploads\/2024\/09\/business-objects-with-executives-discussing-blueprint-meeting-1536x1024.jpg 1536w, https:\/\/www.interconsultinc.com\/wp-content\/uploads\/2024\/09\/business-objects-with-executives-discussing-blueprint-meeting.jpg 1600w\" sizes=\"(max-width: 768px) 100vw, 768px\" \/>\t\t\t\t\t\t\t\t\t\t\t\t\t\t\t<\/div>\n\t\t\t\t<\/div>\n\t\t\t\t<\/div>\n\t\t<div class=\"elementor-element elementor-element-6704def e-con-full e-flex e-con e-child\" data-id=\"6704def\" data-element_type=\"container\" data-e-type=\"container\">\n\t\t\t\t<div class=\"elementor-element elementor-element-33abb57 elementor-widget elementor-widget-heading\" data-id=\"33abb57\" data-element_type=\"widget\" data-e-type=\"widget\" data-widget_type=\"heading.default\">\n\t\t\t\t<div class=\"elementor-widget-container\">\n\t\t\t\t\t<h2 class=\"elementor-heading-title elementor-size-default\">Au cours de la derni\u00e8re d\u00e9cennie, l'Afrique a connu une forte croissance \u00e9conomique, aliment\u00e9e par des facteurs tels que l'exploitation des ressources naturelles, le d\u00e9veloppement des infrastructures et l'\u00e9mergence d'une classe moyenne.<\/h2>\t\t\t\t<\/div>\n\t\t\t\t<\/div>\n\t\t\t\t<div class=\"elementor-element elementor-element-0d9b08e elementor-widget elementor-widget-text-editor\" data-id=\"0d9b08e\" data-element_type=\"widget\" data-e-type=\"widget\" data-widget_type=\"text-editor.default\">\n\t\t\t\t<div class=\"elementor-widget-container\">\n\t\t\t\t\t\t\t\t\t<p>Le d\u00e9veloppement des infrastructures num\u00e9riques et la mise en \u0153uvre progressive de l&rsquo;automatisation au sein des entit\u00e9s gouvernementales, aboutissant \u00e0 l&rsquo;administration \u00e9lectronique, favorisent \u00e9galement le d\u00e9veloppement des investissements sur le continent. L&rsquo;expansion des entreprises en Afrique leur permet d&rsquo;acc\u00e9der \u00e0 une client\u00e8le vaste et diversifi\u00e9e, avide de biens et de services.<\/p>\n<p><b>Nous souhaitons \u00eatre votre porte d&rsquo;entr\u00e9e sur le march\u00e9 africain, vous accompagner en tant que guide, conseiller et partenaire de confiance.<\/b><\/p>\n<p>Notre collaboration commence ici.<\/p>\n<ul>\n<li>Nous identifions des projets, recherchons des appels d&rsquo;offres, analysons les propositions, identifions des partenaires locaux, \u00e9laborons une strat\u00e9gie de lobbying, d\u00e9veloppons des projets et travaillons ensemble de A \u00e0 Z.<\/li>\n<li>Nous mobilisons et trouvons des entreprises internationales et des investisseurs potentiels, nous r\u00e9fl\u00e9chissons et \u00e9tudions le projet ensemble, nous le g\u00e9rons et le mettons en \u0153uvre jusqu&rsquo;\u00e0 son terme, en toute s\u00e9r\u00e9nit\u00e9 pour le client.<\/li>\n<\/ul>\n<p>Nous proposons des projets publics et priv\u00e9s, publi\u00e9s \u00e0 destination des entreprises et des investisseurs.<\/p>\n\t\t\t\t\t\t\t\t<\/div>\n\t\t\t\t<\/div>\n\t\t\t\t<div class=\"elementor-element elementor-element-859633f elementor-widget elementor-widget-button\" data-id=\"859633f\" data-element_type=\"widget\" data-e-type=\"widget\" data-widget_type=\"button.default\">\n\t\t\t\t<div class=\"elementor-widget-container\">\n\t\t\t\t\t\t\t\t\t<div class=\"elementor-button-wrapper\">\n\t\t\t\t\t<a class=\"elementor-button elementor-button-link elementor-size-sm\" href=\"https:\/\/www.interconsultinc.com\/fr\/contact\/\">\n\t\t\t\t\t\t<span class=\"elementor-button-content-wrapper\">\n\t\t\t\t\t\t\t\t\t<span class=\"elementor-button-text\">Contactez-nous pour en savoir plus...<\/span>\n\t\t\t\t\t<\/span>\n\t\t\t\t\t<\/a>\n\t\t\t\t<\/div>\n\t\t\t\t\t\t\t\t<\/div>\n\t\t\t\t<\/div>\n\t\t\t\t<\/div>\n\t\t\t\t\t<\/div>\n\t\t\t\t<\/div>\n\t\t\t\t<\/div>\n\t\t","protected":false},"excerpt":{"rendered":"<p>Au cours de la derni\u00e8re d\u00e9cennie, l&rsquo;Afrique a connu une forte croissance \u00e9conomique, aliment\u00e9e par des facteurs tels que l&rsquo;exploitation des ressources naturelles, le d\u00e9veloppement des infrastructures et l&rsquo;\u00e9mergence d&rsquo;une classe moyenne. Le d\u00e9veloppement des infrastructures num\u00e9riques et la mise en \u0153uvre progressive de l&rsquo;automatisation au sein des entit\u00e9s gouvernementales, aboutissant \u00e0 l&rsquo;administration \u00e9lectronique, favorisent [&hellip;]<\/p>\n","protected":false},"author":1,"featured_media":0,"parent":0,"menu_order":0,"comment_status":"closed","ping_status":"closed","template":"","meta":{"site-sidebar-layout":"no-sidebar","site-content-layout":"page-builder","ast-site-content-layout":"default","site-content-style":"default","site-sidebar-style":"default","ast-global-header-display":"","ast-banner-title-visibility":"","ast-main-header-display":"","ast-hfb-above-header-display":"","ast-hfb-below-header-display":"","ast-hfb-mobile-header-display":"","site-post-title":"disabled","ast-breadcrumbs-content":"","ast-featured-img":"disabled","footer-sml-layout":"","ast-disable-related-posts":"","theme-transparent-header-meta":"default","adv-header-id-meta":"","stick-header-meta":"","header-above-stick-meta":"","header-main-stick-meta":"","header-below-stick-meta":"","astra-migrate-meta-layouts":"default","ast-page-background-enabled":"default","ast-page-background-meta":{"desktop":{"background-color":"","background-image":"","background-repeat":"repeat","background-position":"center center","background-size":"auto","background-attachment":"scroll","background-type":"","background-media":"","overlay-type":"","overlay-color":"","overlay-opacity":"","overlay-gradient":""},"tablet":{"background-color":"","background-image":"","background-repeat":"repeat","background-position":"center center","background-size":"auto","background-attachment":"scroll","background-type":"","background-media":"","overlay-type":"","overlay-color":"","overlay-opacity":"","overlay-gradient":""},"mobile":{"background-color":"","background-image":"","background-repeat":"repeat","background-position":"center center","background-size":"auto","background-attachment":"scroll","background-type":"","background-media":"","overlay-type":"","overlay-color":"","overlay-opacity":"","overlay-gradient":""}},"ast-content-background-meta":{"desktop":{"background-color":"var(--ast-global-color-5)","background-image":"","background-repeat":"repeat","background-position":"center center","background-size":"auto","background-attachment":"scroll","background-type":"","background-media":"","overlay-type":"","overlay-color":"","overlay-opacity":"","overlay-gradient":""},"tablet":{"background-color":"var(--ast-global-color-5)","background-image":"","background-repeat":"repeat","background-position":"center center","background-size":"auto","background-attachment":"scroll","background-type":"","background-media":"","overlay-type":"","overlay-color":"","overlay-opacity":"","overlay-gradient":""},"mobile":{"background-color":"var(--ast-global-color-5)","background-image":"","background-repeat":"repeat","background-position":"center center","background-size":"auto","background-attachment":"scroll","background-type":"","background-media":"","overlay-type":"","overlay-color":"","overlay-opacity":"","overlay-gradient":""}},"footnotes":""},"class_list":["post-1396","page","type-page","status-publish","hentry"],"_links":{"self":[{"href":"https:\/\/www.interconsultinc.com\/fr\/wp-json\/wp\/v2\/pages\/1396","targetHints":{"allow":["GET"]}}],"collection":[{"href":"https:\/\/www.interconsultinc.com\/fr\/wp-json\/wp\/v2\/pages"}],"about":[{"href":"https:\/\/www.interconsultinc.com\/fr\/wp-json\/wp\/v2\/types\/page"}],"author":[{"embeddable":true,"href":"https:\/\/www.interconsultinc.com\/fr\/wp-json\/wp\/v2\/users\/1"}],"replies":[{"embeddable":true,"href":"https:\/\/www.interconsultinc.com\/fr\/wp-json\/wp\/v2\/comments?post=1396"}],"version-history":[{"count":1,"href":"https:\/\/www.interconsultinc.com\/fr\/wp-json\/wp\/v2\/pages\/1396\/revisions"}],"predecessor-version":[{"id":1689,"href":"https:\/\/www.interconsultinc.com\/fr\/wp-json\/wp\/v2\/pages\/1396\/revisions\/1689"}],"wp:attachment":[{"href":"https:\/\/www.interconsultinc.com\/fr\/wp-json\/wp\/v2\/media?parent=1396"}],"curies":[{"name":"wp","href":"https:\/\/api.w.org\/{rel}","templated":true}]}}